{"id":4587,"date":"2025-07-23T16:50:10","date_gmt":"2025-07-23T14:50:10","guid":{"rendered":"https:\/\/restaurant-kieny.fr\/stammtisch\/"},"modified":"2025-07-23T17:06:06","modified_gmt":"2025-07-23T15:06:06","slug":"stammtisch","status":"publish","type":"page","link":"https:\/\/restaurant-kieny.fr\/de\/stammtisch\/","title":{"rendered":"Stammtisch"},"content":{"rendered":"\t\t<div data-elementor-type=\"wp-page\" data-elementor-id=\"4587\" class=\"elementor elementor-4587 elementor-4521\" data-elementor-post-type=\"page\">\n\t\t\t\t\t\t<section class=\"elementor-section elementor-top-section elementor-element elementor-element-6de04a4 elementor-section-full_width elementor-section-height-min-height elementor-section-items-stretch elementor-section-content-middle elementor-section-height-default\" data-id=\"6de04a4\" data-element_type=\"section\" data-e-type=\"section\" data-settings=\"{&quot;background_motion_fx_translateY_effect&quot;:&quot;yes&quot;,&quot;background_motion_fx_translateY_speed&quot;:{&quot;unit&quot;:&quot;px&quot;,&quot;size&quot;:8,&quot;sizes&quot;:[]},&quot;background_motion_fx_translateY_affectedRange&quot;:{&quot;unit&quot;:&quot;%&quot;,&quot;size&quot;:&quot;&quot;,&quot;sizes&quot;:{&quot;start&quot;:0,&quot;end&quot;:100}},&quot;background_motion_fx_devices&quot;:[&quot;desktop&quot;,&quot;tablet&quot;,&quot;mobile&quot;]}\">\n\t\t\t\t\t\t<div class=\"elementor-container elementor-column-gap-default\">\n\t\t\t\t\t<div class=\"elementor-column elementor-col-100 elementor-top-column elementor-element elementor-element-6cbd439\" data-id=\"6cbd439\" data-element_type=\"column\" data-e-type=\"column\" data-settings=\"{&quot;background_background&quot;:&quot;classic&quot;,&quot;background_motion_fx_motion_fx_scrolling&quot;:&quot;yes&quot;,&quot;background_motion_fx_translateY_effect&quot;:&quot;yes&quot;,&quot;background_motion_fx_translateY_speed&quot;:{&quot;unit&quot;:&quot;px&quot;,&quot;size&quot;:4,&quot;sizes&quot;:[]},&quot;background_motion_fx_translateY_affectedRange&quot;:{&quot;unit&quot;:&quot;%&quot;,&quot;size&quot;:&quot;&quot;,&quot;sizes&quot;:{&quot;start&quot;:0,&quot;end&quot;:100}},&quot;background_motion_fx_devices&quot;:[&quot;desktop&quot;,&quot;tablet&quot;,&quot;mobile&quot;]}\">\n\t\t\t<div class=\"elementor-widget-wrap elementor-element-populated\">\n\t\t\t\t\t\t<div class=\"elementor-element elementor-element-f7bfd3e elementor-widget elementor-widget-heading\" data-id=\"f7bfd3e\" data-element_type=\"widget\" data-e-type=\"widget\" data-widget_type=\"heading.default\">\n\t\t\t\t\t<h1 class=\"elementor-heading-title elementor-size-default\">Stammtisch<\/h1>\t\t\t\t<\/div>\n\t\t\t\t<div class=\"elementor-element elementor-element-78b475c elementor-widget-divider--view-line elementor-widget elementor-widget-divider\" data-id=\"78b475c\" data-element_type=\"widget\" data-e-type=\"widget\" data-widget_type=\"divider.default\">\n\t\t\t\t\t\t\t<div class=\"elementor-divider\">\n\t\t\t<span class=\"elementor-divider-separator\">\n\t\t\t\t\t\t<\/span>\n\t\t<\/div>\n\t\t\t\t\t\t<\/div>\n\t\t\t\t<div class=\"elementor-element elementor-element-a5ce48d elementor-widget elementor-widget-heading\" data-id=\"a5ce48d\" data-element_type=\"widget\" data-e-type=\"widget\" data-widget_type=\"heading.default\">\n\t\t\t\t\t<h2 class=\"elementor-heading-title elementor-size-default\">Der geteilte Tisch<\/h2>\t\t\t\t<\/div>\n\t\t\t\t\t<\/div>\n\t\t<\/div>\n\t\t\t\t\t<\/div>\n\t\t<\/section>\n\t\t\t\t<section class=\"elementor-section elementor-top-section elementor-element elementor-element-c3124b3 elementor-section-boxed elementor-section-height-default elementor-section-height-default\" data-id=\"c3124b3\" data-element_type=\"section\" data-e-type=\"section\">\n\t\t\t\t\t\t<div class=\"elementor-container elementor-column-gap-default\">\n\t\t\t\t\t<div class=\"elementor-column elementor-col-100 elementor-top-column elementor-element elementor-element-7f1f39c\" data-id=\"7f1f39c\" data-element_type=\"column\" data-e-type=\"column\">\n\t\t\t<div class=\"elementor-widget-wrap elementor-element-populated\">\n\t\t\t\t\t\t<div class=\"elementor-element elementor-element-40baa1f elementor-widget elementor-widget-heading\" data-id=\"40baa1f\" data-element_type=\"widget\" data-e-type=\"widget\" data-widget_type=\"heading.default\">\n\t\t\t\t\t<h2 class=\"elementor-heading-title elementor-size-default\">Der St\u00e0mmtisch , <br>ein Erbe der els\u00e4ssischen Tradition<\/h2>\t\t\t\t<\/div>\n\t\t\t\t<div class=\"elementor-element elementor-element-45e82cf elementor-widget elementor-widget-text-editor\" data-id=\"45e82cf\" data-element_type=\"widget\" data-e-type=\"widget\" data-widget_type=\"text-editor.default\">\n\t\t\t\t\t\t\t\t\t<p>Der St\u00e0mmtisch von Maison Kieny ist ein Erbe der els\u00e4ssischen Tradition und erfindet die Kunst des gemeinsamen Essens in einem privaten, warmen und intimen Wohnzimmer neu, das mit Familienerinnerungen und authentischen Details dekoriert ist, die die Seele des Hauses fortsetzen.<\/p><p><strong>Dieser Tisch ist f\u00fcr 6 oder 8 G\u00e4ste reserviert und zelebriert Geselligkeit und Freiheit<\/strong>: Eine pflanzliche Vorspeise er\u00f6ffnet das Essen, gefolgt von einem gro\u00dfz\u00fcgigen Gericht, das f\u00fcr den gesamten Tisch ausgew\u00e4hlt und vom Chefkoch selbst mitgebracht wird, um die Verbindung zu f\u00f6rdern. Das Dessert, das ebenfalls geteilt wird, wird von der Chefkonditorin serviert, um den Moment der Komplizenschaft zu verl\u00e4ngern. <\/p><p>Hier gibt es keinen starren Service: man bedient sich selbst, man nimmt sich Zeit, man lacht, man feiert. Der St\u00e0mmtisch ist die ideale Erfahrung f\u00fcr ein Essen mit Freunden oder der Familie, bei dem die Qualit\u00e4t der K\u00fcche auf die W\u00e4rme eines gemeinsamen Moments trifft, ganz einfach. <\/p>\t\t\t\t\t\t\t\t<\/div>\n\t\t\t\t\t<\/div>\n\t\t<\/div>\n\t\t\t\t\t<\/div>\n\t\t<\/section>\n\t\t\t\t<section class=\"elementor-section elementor-top-section elementor-element elementor-element-6d58047 elementor-section-full_width elementor-section-height-default elementor-section-height-default\" data-id=\"6d58047\" data-element_type=\"section\" data-e-type=\"section\">\n\t\t\t\t\t\t<div class=\"elementor-container elementor-column-gap-default\">\n\t\t\t\t\t<div class=\"elementor-column elementor-col-50 elementor-top-column elementor-element elementor-element-c5aa312\" data-id=\"c5aa312\" data-element_type=\"column\" data-e-type=\"column\">\n\t\t\t<div class=\"elementor-widget-wrap elementor-element-populated\">\n\t\t\t\t\t\t<div class=\"elementor-element elementor-element-f8d3af6 elementor-widget elementor-widget-image\" data-id=\"f8d3af6\" data-element_type=\"widget\" data-e-type=\"widget\" data-widget_type=\"image.default\">\n\t\t\t\t\t\t\t\t\t\t\t\t\t\t\t<img fetchpriority=\"high\" decoding=\"async\" width=\"667\" height=\"1000\" src=\"https:\/\/restaurant-kieny.fr\/wp-content\/uploads\/2025\/07\/stammtisch-16.jpg\" class=\"attachment-1536x1536 size-1536x1536 wp-image-4543\" alt=\"\" srcset=\"https:\/\/restaurant-kieny.fr\/wp-content\/uploads\/2025\/07\/stammtisch-16.jpg 667w, https:\/\/restaurant-kieny.fr\/wp-content\/uploads\/2025\/07\/stammtisch-16-medium.jpg 200w\" sizes=\"(max-width: 667px) 100vw, 667px\" \/>\t\t\t\t\t\t\t\t\t\t\t\t\t\t\t<\/div>\n\t\t\t\t\t<\/div>\n\t\t<\/div>\n\t\t\t\t<div class=\"elementor-column elementor-col-50 elementor-top-column elementor-element elementor-element-03ed907\" data-id=\"03ed907\" data-element_type=\"column\" data-e-type=\"column\">\n\t\t\t<div class=\"elementor-widget-wrap elementor-element-populated\">\n\t\t\t\t\t\t<div class=\"elementor-element elementor-element-ff25ee4 elementor-widget elementor-widget-image\" data-id=\"ff25ee4\" data-element_type=\"widget\" data-e-type=\"widget\" data-widget_type=\"image.default\">\n\t\t\t\t\t\t\t\t\t\t\t\t\t\t\t<img decoding=\"async\" width=\"1025\" height=\"1536\" src=\"https:\/\/restaurant-kieny.fr\/wp-content\/uploads\/2025\/06\/250613_Maison-Kieny16791Lucas-MULLER-Lukam-1025x1536.jpg\" class=\"attachment-1536x1536 size-1536x1536 wp-image-4431\" alt=\"\" srcset=\"https:\/\/restaurant-kieny.fr\/wp-content\/uploads\/2025\/06\/250613_Maison-Kieny16791Lucas-MULLER-Lukam-1025x1536.jpg 1025w, https:\/\/restaurant-kieny.fr\/wp-content\/uploads\/2025\/06\/250613_Maison-Kieny16791Lucas-MULLER-Lukam-200x300.jpg 200w, https:\/\/restaurant-kieny.fr\/wp-content\/uploads\/2025\/06\/250613_Maison-Kieny16791Lucas-MULLER-Lukam-683x1024.jpg 683w, https:\/\/restaurant-kieny.fr\/wp-content\/uploads\/2025\/06\/250613_Maison-Kieny16791Lucas-MULLER-Lukam-768x1151.jpg 768w, https:\/\/restaurant-kieny.fr\/wp-content\/uploads\/2025\/06\/250613_Maison-Kieny16791Lucas-MULLER-Lukam-1366x2048.jpg 1366w, https:\/\/restaurant-kieny.fr\/wp-content\/uploads\/2025\/06\/250613_Maison-Kieny16791Lucas-MULLER-Lukam-scaled.jpg 1708w\" sizes=\"(max-width: 1025px) 100vw, 1025px\" \/>\t\t\t\t\t\t\t\t\t\t\t\t\t\t\t<\/div>\n\t\t\t\t\t<\/div>\n\t\t<\/div>\n\t\t\t\t\t<\/div>\n\t\t<\/section>\n\t\t\t\t<section class=\"elementor-section elementor-top-section elementor-element elementor-element-0e381a3 elementor-section-boxed elementor-section-height-default elementor-section-height-default\" data-id=\"0e381a3\" data-element_type=\"section\" data-e-type=\"section\" data-settings=\"{&quot;background_background&quot;:&quot;classic&quot;}\">\n\t\t\t\t\t\t<div class=\"elementor-container elementor-column-gap-default\">\n\t\t\t\t\t<div class=\"elementor-column elementor-col-100 elementor-top-column elementor-element elementor-element-59d1ee8\" data-id=\"59d1ee8\" data-element_type=\"column\" data-e-type=\"column\">\n\t\t\t<div class=\"elementor-widget-wrap elementor-element-populated\">\n\t\t\t\t\t\t<div class=\"elementor-element elementor-element-b37c549 elementor-widget elementor-widget-text-editor\" data-id=\"b37c549\" data-element_type=\"widget\" data-e-type=\"widget\" data-widget_type=\"text-editor.default\">\n\t\t\t\t\t\t\t\t\t<p>Der Chefkoch Zwerg GAMBOA <br>ist anwesend, um das Gericht zu servieren.<\/p><p>***<\/p><p>Die Konditorin Florencia DUPONT <br>ist anwesend, um das Dessert zu servieren.<\/p><p>***<\/p><p>Die Idee ist es, einen einzigartigen Ort <br>zu schaffen, an dem sich die Menschen wie zu Hause f\u00fchlen, <br>aber mit einem besonderen Service.<\/p>\t\t\t\t\t\t\t\t<\/div>\n\t\t\t\t\t<\/div>\n\t\t<\/div>\n\t\t\t\t\t<\/div>\n\t\t<\/section>\n\t\t\t\t<section class=\"elementor-section elementor-top-section elementor-element elementor-element-e22d20a elementor-section-boxed elementor-section-height-default elementor-section-height-default\" data-id=\"e22d20a\" data-element_type=\"section\" data-e-type=\"section\">\n\t\t\t\t\t\t<div class=\"elementor-container elementor-column-gap-default\">\n\t\t\t\t\t<div class=\"elementor-column elementor-col-100 elementor-top-column elementor-element elementor-element-21afc3f\" data-id=\"21afc3f\" data-element_type=\"column\" data-e-type=\"column\">\n\t\t\t<div class=\"elementor-widget-wrap elementor-element-populated\">\n\t\t\t\t\t\t<div class=\"elementor-element elementor-element-8120df3 elementor-widget elementor-widget-heading\" data-id=\"8120df3\" data-element_type=\"widget\" data-e-type=\"widget\" data-widget_type=\"heading.default\">\n\t\t\t\t\t<h2 class=\"elementor-heading-title elementor-size-default\">Einmaliges Men\u00fc, 65\u20ac pro Person<\/h2>\t\t\t\t<\/div>\n\t\t\t\t<div class=\"elementor-element elementor-element-f452a6e elementor-widget elementor-widget-text-editor\" data-id=\"f452a6e\" data-element_type=\"widget\" data-e-type=\"widget\" data-widget_type=\"text-editor.default\">\n\t\t\t\t\t\t\t\t\t<p>Pflanzliche Vorspeise je nach Saison<br>&#8211;<br>Hauptgericht<br>&#8211;<br>Nachtisch<\/p>\t\t\t\t\t\t\t\t<\/div>\n\t\t\t\t\t<\/div>\n\t\t<\/div>\n\t\t\t\t\t<\/div>\n\t\t<\/section>\n\t\t\t\t<section class=\"elementor-section elementor-top-section elementor-element elementor-element-a709ad4 elementor-section-full_width elementor-reverse-mobile elementor-section-height-default elementor-section-height-default\" data-id=\"a709ad4\" data-element_type=\"section\" data-e-type=\"section\">\n\t\t\t\t\t\t<div class=\"elementor-container elementor-column-gap-default\">\n\t\t\t\t\t<div class=\"elementor-column elementor-col-50 elementor-top-column elementor-element elementor-element-da8d1e3\" data-id=\"da8d1e3\" data-element_type=\"column\" data-e-type=\"column\" data-settings=\"{&quot;background_background&quot;:&quot;classic&quot;}\">\n\t\t\t<div class=\"elementor-widget-wrap elementor-element-populated\">\n\t\t\t\t\t\t<div class=\"elementor-element elementor-element-d8d5434 elementor-widget elementor-widget-spacer\" data-id=\"d8d5434\" data-element_type=\"widget\" data-e-type=\"widget\" data-widget_type=\"spacer.default\">\n\t\t\t\t\t\t\t<div class=\"elementor-spacer\">\n\t\t\t<div class=\"elementor-spacer-inner\"><\/div>\n\t\t<\/div>\n\t\t\t\t\t\t<\/div>\n\t\t\t\t\t<\/div>\n\t\t<\/div>\n\t\t\t\t<div class=\"elementor-column elementor-col-50 elementor-top-column elementor-element elementor-element-1dbaca3\" data-id=\"1dbaca3\" data-element_type=\"column\" data-e-type=\"column\">\n\t\t\t<div class=\"elementor-widget-wrap elementor-element-populated\">\n\t\t\t\t\t\t<div class=\"elementor-element elementor-element-7127db6 elementor-widget elementor-widget-heading\" data-id=\"7127db6\" data-element_type=\"widget\" data-e-type=\"widget\" data-widget_type=\"heading.default\">\n\t\t\t\t\t<h2 class=\"elementor-heading-title elementor-size-default\">Die Gerichte<\/h2>\t\t\t\t<\/div>\n\t\t\t\t<div class=\"elementor-element elementor-element-4575043 elementor-widget elementor-widget-text-editor\" data-id=\"4575043\" data-element_type=\"widget\" data-e-type=\"widget\" data-widget_type=\"text-editor.default\">\n\t\t\t\t\t\t\t\t\t<p>Baeckaoffa von Hummer und Seeteufel<u><\/u><u><\/u><\/p><p>***<\/p><p>Wildpastete<u><\/u><u><\/u><\/p><p>***<\/p><p>Gereiftes Rinderkotelett<u><\/u><u><\/u><\/p><p>***<\/p><p>Spanferkelkarree<\/p><p>***<\/p>\t\t\t\t\t\t\t\t<\/div>\n\t\t\t\t\t<\/div>\n\t\t<\/div>\n\t\t\t\t\t<\/div>\n\t\t<\/section>\n\t\t\t\t<section class=\"elementor-section elementor-top-section elementor-element elementor-element-e8f4e00 elementor-section-full_width elementor-section-height-default elementor-section-height-default\" data-id=\"e8f4e00\" data-element_type=\"section\" data-e-type=\"section\" data-settings=\"{&quot;background_background&quot;:&quot;classic&quot;}\">\n\t\t\t\t\t\t<div class=\"elementor-container elementor-column-gap-default\">\n\t\t\t\t\t<div class=\"elementor-column elementor-col-50 elementor-top-column elementor-element elementor-element-ad8284e\" data-id=\"ad8284e\" data-element_type=\"column\" data-e-type=\"column\">\n\t\t\t<div class=\"elementor-widget-wrap elementor-element-populated\">\n\t\t\t\t\t\t<div class=\"elementor-element elementor-element-6b61285 elementor-widget elementor-widget-heading\" data-id=\"6b61285\" data-element_type=\"widget\" data-e-type=\"widget\" data-widget_type=\"heading.default\">\n\t\t\t\t\t<h2 class=\"elementor-heading-title elementor-size-default\">Desserts<\/h2>\t\t\t\t<\/div>\n\t\t\t\t<div class=\"elementor-element elementor-element-fb9da47 elementor-widget elementor-widget-text-editor\" data-id=\"fb9da47\" data-element_type=\"widget\" data-e-type=\"widget\" data-widget_type=\"text-editor.default\">\n\t\t\t\t\t\t\t\t\t<p>Obstkuchen der Saison<u><\/u><u><\/u><\/p><p>***<\/p><p>Schokoladenkuchen<u><\/u><u><\/u><\/p><p>***<\/p><p>Profiteroles<u><\/u><u><\/u><\/p><p>***<\/p><p>Schokoladenmousse<\/p><p>***<\/p>\t\t\t\t\t\t\t\t<\/div>\n\t\t\t\t\t<\/div>\n\t\t<\/div>\n\t\t\t\t<div class=\"elementor-column elementor-col-50 elementor-top-column elementor-element elementor-element-7ce2aa9\" data-id=\"7ce2aa9\" data-element_type=\"column\" data-e-type=\"column\" data-settings=\"{&quot;background_background&quot;:&quot;classic&quot;}\">\n\t\t\t<div class=\"elementor-widget-wrap elementor-element-populated\">\n\t\t\t\t\t\t<div class=\"elementor-element elementor-element-be05964 elementor-widget elementor-widget-spacer\" data-id=\"be05964\" data-element_type=\"widget\" data-e-type=\"widget\" data-widget_type=\"spacer.default\">\n\t\t\t\t\t\t\t<div class=\"elementor-spacer\">\n\t\t\t<div class=\"elementor-spacer-inner\"><\/div>\n\t\t<\/div>\n\t\t\t\t\t\t<\/div>\n\t\t\t\t\t<\/div>\n\t\t<\/div>\n\t\t\t\t\t<\/div>\n\t\t<\/section>\n\t\t\t\t<section class=\"elementor-section elementor-top-section elementor-element elementor-element-95febdb elementor-section-full_width elementor-section-height-min-height elementor-section-items-stretch elementor-section-content-middle elementor-section-height-default\" data-id=\"95febdb\" data-element_type=\"section\" data-e-type=\"section\">\n\t\t\t\t\t\t<div class=\"elementor-container elementor-column-gap-default\">\n\t\t\t\t\t<div class=\"elementor-column elementor-col-100 elementor-top-column elementor-element elementor-element-cddaaf6\" data-id=\"cddaaf6\" data-element_type=\"column\" data-e-type=\"column\" data-settings=\"{&quot;background_background&quot;:&quot;classic&quot;}\">\n\t\t\t<div class=\"elementor-widget-wrap elementor-element-populated\">\n\t\t\t\t\t<div class=\"elementor-background-overlay\"><\/div>\n\t\t\t\t\t\t<div class=\"elementor-element elementor-element-dc6235f elementor-widget elementor-widget-heading\" data-id=\"dc6235f\" data-element_type=\"widget\" data-e-type=\"widget\" data-widget_type=\"heading.default\">\n\t\t\t\t\t<h2 class=\"elementor-heading-title elementor-size-default\">Reservierungen<\/h2>\t\t\t\t<\/div>\n\t\t\t\t<div class=\"elementor-element elementor-element-f7569f2 elementor-widget elementor-widget-text-editor\" data-id=\"f7569f2\" data-element_type=\"widget\" data-e-type=\"widget\" data-widget_type=\"text-editor.default\">\n\t\t\t\t\t\t\t\t\t<p>6 bis 8 G\u00e4ste in unserem privaten Salon,<br>nur nach vorheriger Reservierung, <br>mindestens 72 Stunden im Voraus.<\/p><p>Der Teilungsteller und das Dessert sind im Voraus zu bestellen <br>und ist f\u00fcr den gesamten Tisch identisch.<\/p>\t\t\t\t\t\t\t\t<\/div>\n\t\t\t\t<div class=\"elementor-element elementor-element-68c919b elementor-align-center elementor-widget elementor-widget-button\" data-id=\"68c919b\" data-element_type=\"widget\" data-e-type=\"widget\" data-widget_type=\"button.default\">\n\t\t\t\t\t\t\t\t\t\t<a class=\"elementor-button elementor-button-link elementor-size-sm\" href=\"tel:+33389440771\">\n\t\t\t\t\t\t<span class=\"elementor-button-content-wrapper\">\n\t\t\t\t\t\t\t\t\t<span class=\"elementor-button-text\">Reservieren Sie unter +33 (0)3 89 44 07 71<\/span>\n\t\t\t\t\t<\/span>\n\t\t\t\t\t<\/a>\n\t\t\t\t\t\t\t\t<\/div>\n\t\t\t\t\t<\/div>\n\t\t<\/div>\n\t\t\t\t\t<\/div>\n\t\t<\/section>\n\t\t\t\t<\/div>\n\t\t","protected":false},"excerpt":{"rendered":"<p>Stammtisch Der geteilte Tisch Der St\u00e0mmtisch , ein Erbe der els\u00e4ssischen Tradition Der St\u00e0mmtisch von Maison Kieny ist ein Erbe der els\u00e4ssischen Tradition und erfindet die Kunst des gemeinsamen Essens in einem privaten, warmen und intimen Wohnzimmer neu, das mit Familienerinnerungen und authentischen Details dekoriert ist, die die Seele des Hauses fortsetzen. Dieser Tisch ist [&hellip;]<\/p>\n","protected":false},"author":1,"featured_media":0,"parent":0,"menu_order":0,"comment_status":"closed","ping_status":"closed","template":"","meta":{"_acf_changed":false,"footnotes":""},"class_list":["post-4587","page","type-page","status-publish","hentry"],"acf":[],"_links":{"self":[{"href":"https:\/\/restaurant-kieny.fr\/de\/wp-json\/wp\/v2\/pages\/4587","targetHints":{"allow":["GET"]}}],"collection":[{"href":"https:\/\/restaurant-kieny.fr\/de\/wp-json\/wp\/v2\/pages"}],"about":[{"href":"https:\/\/restaurant-kieny.fr\/de\/wp-json\/wp\/v2\/types\/page"}],"author":[{"embeddable":true,"href":"https:\/\/restaurant-kieny.fr\/de\/wp-json\/wp\/v2\/users\/1"}],"replies":[{"embeddable":true,"href":"https:\/\/restaurant-kieny.fr\/de\/wp-json\/wp\/v2\/comments?post=4587"}],"version-history":[{"count":3,"href":"https:\/\/restaurant-kieny.fr\/de\/wp-json\/wp\/v2\/pages\/4587\/revisions"}],"predecessor-version":[{"id":4607,"href":"https:\/\/restaurant-kieny.fr\/de\/wp-json\/wp\/v2\/pages\/4587\/revisions\/4607"}],"wp:attachment":[{"href":"https:\/\/restaurant-kieny.fr\/de\/wp-json\/wp\/v2\/media?parent=4587"}],"curies":[{"name":"wp","href":"https:\/\/api.w.org\/{rel}","templated":true}]}}