{"id":3680,"date":"2024-05-16T16:08:49","date_gmt":"2024-05-16T14:08:49","guid":{"rendered":"https:\/\/restaurant-kieny.fr\/jean-marc-kieny-trophaee-2024\/"},"modified":"2025-06-16T11:33:25","modified_gmt":"2025-06-16T09:33:25","slug":"jean-marc-kieny-trophaee-2024","status":"publish","type":"page","link":"https:\/\/restaurant-kieny.fr\/de\/jean-marc-kieny-trophaee-2024\/","title":{"rendered":"Jean-Marc Kieny Troph\u00e4e 2024"},"content":{"rendered":"\t\t<div data-elementor-type=\"wp-page\" data-elementor-id=\"3680\" class=\"elementor elementor-3680 elementor-3596\" data-elementor-post-type=\"page\">\n\t\t\t\t\t\t<section class=\"elementor-section elementor-top-section elementor-element elementor-element-1919f8a elementor-section-full_width elementor-section-height-min-height elementor-section-items-stretch elementor-section-content-middle elementor-section-height-default\" data-id=\"1919f8a\" data-element_type=\"section\" data-e-type=\"section\">\n\t\t\t\t\t\t<div class=\"elementor-container elementor-column-gap-default\">\n\t\t\t\t\t<div class=\"elementor-column elementor-col-100 elementor-top-column elementor-element elementor-element-a351633\" data-id=\"a351633\" data-element_type=\"column\" data-e-type=\"column\" data-settings=\"{&quot;background_background&quot;:&quot;classic&quot;,&quot;background_motion_fx_motion_fx_scrolling&quot;:&quot;yes&quot;,&quot;background_motion_fx_translateY_effect&quot;:&quot;yes&quot;,&quot;background_motion_fx_translateY_speed&quot;:{&quot;unit&quot;:&quot;px&quot;,&quot;size&quot;:4,&quot;sizes&quot;:[]},&quot;background_motion_fx_translateY_affectedRange&quot;:{&quot;unit&quot;:&quot;%&quot;,&quot;size&quot;:&quot;&quot;,&quot;sizes&quot;:{&quot;start&quot;:0,&quot;end&quot;:100}},&quot;background_motion_fx_devices&quot;:[&quot;desktop&quot;,&quot;tablet&quot;,&quot;mobile&quot;]}\">\n\t\t\t<div class=\"elementor-widget-wrap elementor-element-populated\">\n\t\t\t\t\t\t<div class=\"elementor-element elementor-element-7a1a098 elementor-widget elementor-widget-heading\" data-id=\"7a1a098\" data-element_type=\"widget\" data-e-type=\"widget\" data-widget_type=\"heading.default\">\n\t\t\t\t\t<h1 class=\"elementor-heading-title elementor-size-default\">Jean-Marc Kieny Troph\u00e4e 2024<\/h1>\t\t\t\t<\/div>\n\t\t\t\t<div class=\"elementor-element elementor-element-34cb27d elementor-widget-divider--view-line elementor-widget elementor-widget-divider\" data-id=\"34cb27d\" data-element_type=\"widget\" data-e-type=\"widget\" data-widget_type=\"divider.default\">\n\t\t\t\t\t\t\t<div class=\"elementor-divider\">\n\t\t\t<span class=\"elementor-divider-separator\">\n\t\t\t\t\t\t<\/span>\n\t\t<\/div>\n\t\t\t\t\t\t<\/div>\n\t\t\t\t\t<\/div>\n\t\t<\/div>\n\t\t\t\t\t<\/div>\n\t\t<\/section>\n\t\t\t\t<section class=\"elementor-section elementor-top-section elementor-element elementor-element-ff57a2f elementor-section-boxed elementor-section-height-default elementor-section-height-default\" data-id=\"ff57a2f\" data-element_type=\"section\" data-e-type=\"section\">\n\t\t\t\t\t\t<div class=\"elementor-container elementor-column-gap-default\">\n\t\t\t\t\t<div class=\"elementor-column elementor-col-100 elementor-top-column elementor-element elementor-element-bab4b1c\" data-id=\"bab4b1c\" data-element_type=\"column\" data-e-type=\"column\">\n\t\t\t<div class=\"elementor-widget-wrap elementor-element-populated\">\n\t\t\t\t\t\t<div class=\"elementor-element elementor-element-07761a8 elementor-widget elementor-widget-text-editor\" data-id=\"07761a8\" data-element_type=\"widget\" data-e-type=\"widget\" data-widget_type=\"text-editor.default\">\n\t\t\t\t\t\t\t\t\t<p><a href=\"https:\/\/restaurant-kieny.fr\/wp-content\/uploads\/2024\/04\/97FC5841-C05F-400F-A706-5E970314F035.png\" target=\"_blank\" rel=\"noopener\"><img fetchpriority=\"high\" decoding=\"async\" class=\"alignnone wp-image-3601 size-full\" src=\"https:\/\/restaurant-kieny.fr\/wp-content\/uploads\/2024\/04\/97FC5841-C05F-400F-A706-5E970314F035.png\" alt=\"\" width=\"1284\" height=\"1298\"><\/a><\/p><p> <\/p><p>Gastronomische Nachrichten<br><a href=\"https:\/\/nouvellesgastronomiques.com\/le-cefppa-adrien-zeller-remporte-la-3eme-edition-du-trophee-kieny-presidee-par-olivier-nasti\/\" target=\"_blank\" rel=\"noopener\"><strong>Das CEFPPA Adrien Zeller gewinnt die 3. Ausgabe der KIENY-Troph\u00e4e unter dem Vorsitz von Olivier NASTI<\/strong><\/a><\/p><p>Olcalsace<br><a href=\"https:\/\/www.olcalsace.org\/fr\/actualite\/trophee-kieny-guet-gekocht-chefs-0\" target=\"_blank\" rel=\"noopener\"><strong>Troph\u00e4e Kieny: guet gekocht, Chefs<\/strong><\/a><\/p><p>Hotel- und Gastst\u00e4ttengewerbe<br><a href=\"https:\/\/www.hotellerie-restauration.ac-versailles.fr\/spip.php?article4109\" target=\"_blank\" rel=\"noopener\"><strong>3. Ausgabe der Jean-Marc Kieny Troph\u00e4e<\/strong><\/a><\/p><p>France Bleue<br><a href=\"https:\/\/www.francebleu.fr\/emissions\/un-alsacien-une-alsacienne-formidable\/pour-sa-tourte-a-la-volaille-fermiere-d-alsace-paul-holveck-remporte-le-concours-culinaire-jean-marc-kieny-3167239\" target=\"_blank\" rel=\"noopener\"><strong>Paul Holveck gewinnt mit seiner Torte mit els\u00e4ssischem Gefl\u00fcgel den Kochwettbewerb &#8222;Jean-Marc Kieny&#8220;.<\/strong><\/a><\/p>\t\t\t\t\t\t\t\t<\/div>\n\t\t\t\t\t<\/div>\n\t\t<\/div>\n\t\t\t\t\t<\/div>\n\t\t<\/section>\n\t\t\t\t<\/div>\n\t\t","protected":false},"excerpt":{"rendered":"<p>Jean-Marc Kieny Troph\u00e4e 2024 Gastronomische NachrichtenDas CEFPPA Adrien Zeller gewinnt die 3. Ausgabe der KIENY-Troph\u00e4e unter dem Vorsitz von Olivier NASTI OlcalsaceTroph\u00e4e Kieny: guet gekocht, Chefs Hotel- und Gastst\u00e4ttengewerbe3. Ausgabe der Jean-Marc Kieny Troph\u00e4e France BleuePaul Holveck gewinnt mit seiner Torte mit els\u00e4ssischem Gefl\u00fcgel den Kochwettbewerb &#8222;Jean-Marc Kieny&#8220;.<\/p>\n","protected":false},"author":1,"featured_media":0,"parent":0,"menu_order":0,"comment_status":"closed","ping_status":"closed","template":"elementor_header_footer","meta":{"_acf_changed":false,"footnotes":""},"class_list":["post-3680","page","type-page","status-publish","hentry"],"acf":[],"_links":{"self":[{"href":"https:\/\/restaurant-kieny.fr\/de\/wp-json\/wp\/v2\/pages\/3680","targetHints":{"allow":["GET"]}}],"collection":[{"href":"https:\/\/restaurant-kieny.fr\/de\/wp-json\/wp\/v2\/pages"}],"about":[{"href":"https:\/\/restaurant-kieny.fr\/de\/wp-json\/wp\/v2\/types\/page"}],"author":[{"embeddable":true,"href":"https:\/\/restaurant-kieny.fr\/de\/wp-json\/wp\/v2\/users\/1"}],"replies":[{"embeddable":true,"href":"https:\/\/restaurant-kieny.fr\/de\/wp-json\/wp\/v2\/comments?post=3680"}],"version-history":[{"count":6,"href":"https:\/\/restaurant-kieny.fr\/de\/wp-json\/wp\/v2\/pages\/3680\/revisions"}],"predecessor-version":[{"id":4493,"href":"https:\/\/restaurant-kieny.fr\/de\/wp-json\/wp\/v2\/pages\/3680\/revisions\/4493"}],"wp:attachment":[{"href":"https:\/\/restaurant-kieny.fr\/de\/wp-json\/wp\/v2\/media?parent=3680"}],"curies":[{"name":"wp","href":"https:\/\/api.w.org\/{rel}","templated":true}]}}