{"id":3545,"date":"2024-01-12T10:46:47","date_gmt":"2024-01-12T09:46:47","guid":{"rendered":"https:\/\/restaurant-kieny.fr\/empfaenge\/"},"modified":"2025-10-14T10:13:40","modified_gmt":"2025-10-14T08:13:40","slug":"empfaenge","status":"publish","type":"page","link":"https:\/\/restaurant-kieny.fr\/de\/empfaenge\/","title":{"rendered":"Empf\u00e4nge"},"content":{"rendered":"\t\t<div data-elementor-type=\"wp-page\" data-elementor-id=\"3545\" class=\"elementor elementor-3545 elementor-3477\" data-elementor-post-type=\"page\">\n\t\t\t\t\t\t<section class=\"elementor-section elementor-top-section elementor-element elementor-element-4c5cfb1 elementor-section-full_width elementor-section-height-min-height elementor-section-items-stretch elementor-section-content-middle elementor-section-height-default\" data-id=\"4c5cfb1\" data-element_type=\"section\" data-e-type=\"section\" data-settings=\"{&quot;background_motion_fx_translateY_effect&quot;:&quot;yes&quot;,&quot;background_motion_fx_translateY_speed&quot;:{&quot;unit&quot;:&quot;px&quot;,&quot;size&quot;:8,&quot;sizes&quot;:[]},&quot;background_motion_fx_translateY_affectedRange&quot;:{&quot;unit&quot;:&quot;%&quot;,&quot;size&quot;:&quot;&quot;,&quot;sizes&quot;:{&quot;start&quot;:0,&quot;end&quot;:100}},&quot;background_motion_fx_devices&quot;:[&quot;desktop&quot;,&quot;tablet&quot;,&quot;mobile&quot;]}\">\n\t\t\t\t\t\t<div class=\"elementor-container elementor-column-gap-default\">\n\t\t\t\t\t<div class=\"elementor-column elementor-col-100 elementor-top-column elementor-element elementor-element-05be3a9\" data-id=\"05be3a9\" data-element_type=\"column\" data-e-type=\"column\" data-settings=\"{&quot;background_background&quot;:&quot;classic&quot;,&quot;background_motion_fx_motion_fx_scrolling&quot;:&quot;yes&quot;,&quot;background_motion_fx_translateY_effect&quot;:&quot;yes&quot;,&quot;background_motion_fx_translateY_speed&quot;:{&quot;unit&quot;:&quot;px&quot;,&quot;size&quot;:4,&quot;sizes&quot;:[]},&quot;background_motion_fx_translateY_affectedRange&quot;:{&quot;unit&quot;:&quot;%&quot;,&quot;size&quot;:&quot;&quot;,&quot;sizes&quot;:{&quot;start&quot;:0,&quot;end&quot;:100}},&quot;background_motion_fx_devices&quot;:[&quot;desktop&quot;,&quot;tablet&quot;,&quot;mobile&quot;]}\">\n\t\t\t<div class=\"elementor-widget-wrap elementor-element-populated\">\n\t\t\t\t\t\t<div class=\"elementor-element elementor-element-b88181e elementor-widget elementor-widget-heading\" data-id=\"b88181e\" data-element_type=\"widget\" data-e-type=\"widget\" data-widget_type=\"heading.default\">\n\t\t\t\t\t<h1 class=\"elementor-heading-title elementor-size-default\">Empf\u00e4nge<\/h1>\t\t\t\t<\/div>\n\t\t\t\t<div class=\"elementor-element elementor-element-cb9dbee elementor-widget-divider--view-line elementor-widget elementor-widget-divider\" data-id=\"cb9dbee\" data-element_type=\"widget\" data-e-type=\"widget\" data-widget_type=\"divider.default\">\n\t\t\t\t\t\t\t<div class=\"elementor-divider\">\n\t\t\t<span class=\"elementor-divider-separator\">\n\t\t\t\t\t\t<\/span>\n\t\t<\/div>\n\t\t\t\t\t\t<\/div>\n\t\t\t\t\t<\/div>\n\t\t<\/div>\n\t\t\t\t\t<\/div>\n\t\t<\/section>\n\t\t\t\t<section class=\"elementor-section elementor-top-section elementor-element elementor-element-476b4b2 elementor-section-boxed elementor-section-height-default elementor-section-height-default\" data-id=\"476b4b2\" data-element_type=\"section\" data-e-type=\"section\">\n\t\t\t\t\t\t<div class=\"elementor-container elementor-column-gap-default\">\n\t\t\t\t\t<div class=\"elementor-column elementor-col-100 elementor-top-column elementor-element elementor-element-e0b92cc\" data-id=\"e0b92cc\" data-element_type=\"column\" data-e-type=\"column\">\n\t\t\t<div class=\"elementor-widget-wrap elementor-element-populated\">\n\t\t\t\t\t\t<div class=\"elementor-element elementor-element-b17b1e2 elementor-widget elementor-widget-heading\" data-id=\"b17b1e2\" data-element_type=\"widget\" data-e-type=\"widget\" data-widget_type=\"heading.default\">\n\t\t\t\t\t<h1 class=\"elementor-heading-title elementor-size-default\">BANKETS ANGEBOT<\/h1>\t\t\t\t<\/div>\n\t\t\t\t<div class=\"elementor-element elementor-element-f321cd4 elementor-widget elementor-widget-text-editor\" data-id=\"f321cd4\" data-element_type=\"widget\" data-e-type=\"widget\" data-widget_type=\"text-editor.default\">\n\t\t\t\t\t\t\t\t\t<p>F\u00fcr Ihre Familienfeiern, Ihre Momente mit Freunden,<br>oder f\u00fcr Ihr Gesch\u00e4ftsessen&#8230;<\/p>\n<p>Gruppen ab 8 Gedecken<\/p>\n<p><strong>Saal 1:<\/strong><br>40 Gedecke an einem Tisch<br>56 Gedecke an mehreren Tischen<\/p>\n<p><strong>Saal 2:<\/strong><br>30 Gedecke an einem Tisch<br>32 Gedecke an 4 Tischen mit je 8 Gedecken<\/p>\n\t\t\t\t\t\t\t\t<\/div>\n\t\t\t\t<div class=\"elementor-element elementor-element-3426e8e elementor-align-center elementor-widget elementor-widget-button\" data-id=\"3426e8e\" data-element_type=\"widget\" data-e-type=\"widget\" data-widget_type=\"button.default\">\n\t\t\t\t\t\t\t\t\t\t<a class=\"elementor-button elementor-button-link elementor-size-sm\" href=\"https:\/\/restaurant-kieny.fr\/wp-content\/uploads\/2025\/09\/Menu-Banquets-Automne-2025.pdf\" target=\"_blank\">\n\t\t\t\t\t\t<span class=\"elementor-button-content-wrapper\">\n\t\t\t\t\t\t\t\t\t<span class=\"elementor-button-text\">Entdecken Sie unsere Men\u00fcs f\u00fcr Empf\u00e4nge<\/span>\n\t\t\t\t\t<\/span>\n\t\t\t\t\t<\/a>\n\t\t\t\t\t\t\t\t<\/div>\n\t\t\t\t\t<\/div>\n\t\t<\/div>\n\t\t\t\t\t<\/div>\n\t\t<\/section>\n\t\t\t\t<section class=\"elementor-section elementor-top-section elementor-element elementor-element-74477c2 elementor-section-boxed elementor-section-height-default elementor-section-height-default\" data-id=\"74477c2\" data-element_type=\"section\" data-e-type=\"section\">\n\t\t\t\t\t\t<div class=\"elementor-container elementor-column-gap-default\">\n\t\t\t\t\t<div class=\"elementor-column elementor-col-100 elementor-top-column elementor-element elementor-element-6c99ea9\" data-id=\"6c99ea9\" data-element_type=\"column\" data-e-type=\"column\">\n\t\t\t<div class=\"elementor-widget-wrap elementor-element-populated\">\n\t\t\t\t\t\t<div class=\"elementor-element elementor-element-5165b49 elementor-widget elementor-widget-image\" data-id=\"5165b49\" data-element_type=\"widget\" data-e-type=\"widget\" data-widget_type=\"image.default\">\n\t\t\t\t\t\t\t\t\t\t\t\t\t\t\t<img fetchpriority=\"high\" decoding=\"async\" width=\"1536\" height=\"728\" src=\"https:\/\/restaurant-kieny.fr\/wp-content\/uploads\/2023\/11\/20230520_134753-1536x728.jpg\" class=\"attachment-1536x1536 size-1536x1536 wp-image-3457\" alt=\"\" srcset=\"https:\/\/restaurant-kieny.fr\/wp-content\/uploads\/2023\/11\/20230520_134753-1536x728.jpg 1536w, https:\/\/restaurant-kieny.fr\/wp-content\/uploads\/2023\/11\/20230520_134753-300x142.jpg 300w, https:\/\/restaurant-kieny.fr\/wp-content\/uploads\/2023\/11\/20230520_134753-1024x485.jpg 1024w, https:\/\/restaurant-kieny.fr\/wp-content\/uploads\/2023\/11\/20230520_134753-768x364.jpg 768w, https:\/\/restaurant-kieny.fr\/wp-content\/uploads\/2023\/11\/20230520_134753-2048x971.jpg 2048w, https:\/\/restaurant-kieny.fr\/wp-content\/uploads\/2023\/11\/20230520_134753-590x280.jpg 590w, https:\/\/restaurant-kieny.fr\/wp-content\/uploads\/2023\/11\/20230520_134753-1800x853.jpg 1800w\" sizes=\"(max-width: 1536px) 100vw, 1536px\" \/>\t\t\t\t\t\t\t\t\t\t\t\t\t\t\t<\/div>\n\t\t\t\t\t<\/div>\n\t\t<\/div>\n\t\t\t\t\t<\/div>\n\t\t<\/section>\n\t\t\t\t<section class=\"elementor-section elementor-top-section elementor-element elementor-element-465765f elementor-section-boxed elementor-section-height-default elementor-section-height-default\" data-id=\"465765f\" data-element_type=\"section\" data-e-type=\"section\">\n\t\t\t\t\t\t<div class=\"elementor-container elementor-column-gap-default\">\n\t\t\t\t\t<div class=\"elementor-column elementor-col-50 elementor-top-column elementor-element elementor-element-2783d11\" data-id=\"2783d11\" data-element_type=\"column\" data-e-type=\"column\">\n\t\t\t<div class=\"elementor-widget-wrap elementor-element-populated\">\n\t\t\t\t\t\t<div class=\"elementor-element elementor-element-a60e138 elementor-widget elementor-widget-image\" data-id=\"a60e138\" data-element_type=\"widget\" data-e-type=\"widget\" data-widget_type=\"image.default\">\n\t\t\t\t\t\t\t\t\t\t\t\t\t\t\t<img decoding=\"async\" src=\"https:\/\/restaurant-kieny.fr\/wp-content\/uploads\/elementor\/thumbs\/20230520_134643-scaled-qwgd6tm4lojx3o00mdgr3v90u7mznl4hiblb1dhre0.jpg\" title=\"20230520_134643\" alt=\"20230520_134643\" loading=\"lazy\" \/>\t\t\t\t\t\t\t\t\t\t\t\t\t\t\t<\/div>\n\t\t\t\t\t<\/div>\n\t\t<\/div>\n\t\t\t\t<div class=\"elementor-column elementor-col-50 elementor-top-column elementor-element elementor-element-15e2112\" data-id=\"15e2112\" data-element_type=\"column\" data-e-type=\"column\">\n\t\t\t<div class=\"elementor-widget-wrap elementor-element-populated\">\n\t\t\t\t\t\t<div class=\"elementor-element elementor-element-e4b688a elementor-widget elementor-widget-image\" data-id=\"e4b688a\" data-element_type=\"widget\" data-e-type=\"widget\" data-widget_type=\"image.default\">\n\t\t\t\t\t\t\t\t\t\t\t\t\t\t\t<img decoding=\"async\" src=\"https:\/\/restaurant-kieny.fr\/wp-content\/uploads\/elementor\/thumbs\/20220911_114748-scaled-qwgd6tm4lojx3o00mdgr3v90u7mznl4hiblb1dhre0.jpg\" title=\"20220911_114748\" alt=\"20220911_114748\" loading=\"lazy\" \/>\t\t\t\t\t\t\t\t\t\t\t\t\t\t\t<\/div>\n\t\t\t\t\t<\/div>\n\t\t<\/div>\n\t\t\t\t\t<\/div>\n\t\t<\/section>\n\t\t\t\t<\/div>\n\t\t","protected":false},"excerpt":{"rendered":"<p>Empf\u00e4nge BANKETS ANGEBOT F\u00fcr Ihre Familienfeiern, Ihre Momente mit Freunden,oder f\u00fcr Ihr Gesch\u00e4ftsessen&#8230; Gruppen ab 8 Gedecken Saal 1:40 Gedecke an einem Tisch56 Gedecke an mehreren Tischen Saal 2:30 Gedecke an einem Tisch32 Gedecke an 4 Tischen mit je 8 Gedecken Entdecken Sie unsere Men\u00fcs f\u00fcr Empf\u00e4nge<\/p>\n","protected":false},"author":1,"featured_media":0,"parent":0,"menu_order":0,"comment_status":"closed","ping_status":"closed","template":"","meta":{"_acf_changed":false,"footnotes":""},"class_list":["post-3545","page","type-page","status-publish","hentry"],"acf":[],"_links":{"self":[{"href":"https:\/\/restaurant-kieny.fr\/de\/wp-json\/wp\/v2\/pages\/3545","targetHints":{"allow":["GET"]}}],"collection":[{"href":"https:\/\/restaurant-kieny.fr\/de\/wp-json\/wp\/v2\/pages"}],"about":[{"href":"https:\/\/restaurant-kieny.fr\/de\/wp-json\/wp\/v2\/types\/page"}],"author":[{"embeddable":true,"href":"https:\/\/restaurant-kieny.fr\/de\/wp-json\/wp\/v2\/users\/1"}],"replies":[{"embeddable":true,"href":"https:\/\/restaurant-kieny.fr\/de\/wp-json\/wp\/v2\/comments?post=3545"}],"version-history":[{"count":14,"href":"https:\/\/restaurant-kieny.fr\/de\/wp-json\/wp\/v2\/pages\/3545\/revisions"}],"predecessor-version":[{"id":4667,"href":"https:\/\/restaurant-kieny.fr\/de\/wp-json\/wp\/v2\/pages\/3545\/revisions\/4667"}],"wp:attachment":[{"href":"https:\/\/restaurant-kieny.fr\/de\/wp-json\/wp\/v2\/media?parent=3545"}],"curies":[{"name":"wp","href":"https:\/\/api.w.org\/{rel}","templated":true}]}}