{"id":2508,"date":"2022-07-08T15:45:20","date_gmt":"2022-07-08T13:45:20","guid":{"rendered":"https:\/\/restaurant-kieny.fr\/caterer\/"},"modified":"2023-11-15T17:20:06","modified_gmt":"2023-11-15T16:20:06","slug":"caterer","status":"publish","type":"page","link":"https:\/\/restaurant-kieny.fr\/de\/caterer\/","title":{"rendered":"Caterer"},"content":{"rendered":"\t\t<div data-elementor-type=\"wp-page\" data-elementor-id=\"2508\" class=\"elementor elementor-2508 elementor-2490\" data-elementor-post-type=\"page\">\n\t\t\t\t\t\t<section class=\"elementor-section elementor-top-section elementor-element elementor-element-04aa989 elementor-section-full_width elementor-section-height-min-height elementor-section-height-default elementor-section-items-middle\" data-id=\"04aa989\" data-element_type=\"section\" data-e-type=\"section\" data-settings=\"{&quot;background_background&quot;:&quot;classic&quot;,&quot;background_motion_fx_motion_fx_scrolling&quot;:&quot;yes&quot;,&quot;background_motion_fx_translateY_effect&quot;:&quot;yes&quot;,&quot;background_motion_fx_translateY_speed&quot;:{&quot;unit&quot;:&quot;px&quot;,&quot;size&quot;:8,&quot;sizes&quot;:[]},&quot;background_motion_fx_translateY_affectedRange&quot;:{&quot;unit&quot;:&quot;%&quot;,&quot;size&quot;:&quot;&quot;,&quot;sizes&quot;:{&quot;start&quot;:0,&quot;end&quot;:100}},&quot;background_motion_fx_devices&quot;:[&quot;desktop&quot;,&quot;tablet&quot;,&quot;mobile&quot;]}\">\n\t\t\t\t\t\t\t<div class=\"elementor-background-overlay\"><\/div>\n\t\t\t\t\t\t\t<div class=\"elementor-container elementor-column-gap-default\">\n\t\t\t\t\t<div class=\"elementor-column elementor-col-100 elementor-top-column elementor-element elementor-element-7c55556\" data-id=\"7c55556\" data-element_type=\"column\" data-e-type=\"column\">\n\t\t\t<div class=\"elementor-widget-wrap elementor-element-populated\">\n\t\t\t\t\t\t<div class=\"elementor-element elementor-element-2261e8b elementor-widget elementor-widget-heading\" data-id=\"2261e8b\" data-element_type=\"widget\" data-e-type=\"widget\" data-widget_type=\"heading.default\">\n\t\t\t\t\t<h1 class=\"elementor-heading-title elementor-size-default\">Caterer<\/h1>\t\t\t\t<\/div>\n\t\t\t\t<div class=\"elementor-element elementor-element-b0783dd elementor-widget-divider--view-line elementor-widget elementor-widget-divider\" data-id=\"b0783dd\" data-element_type=\"widget\" data-e-type=\"widget\" data-widget_type=\"divider.default\">\n\t\t\t\t\t\t\t<div class=\"elementor-divider\">\n\t\t\t<span class=\"elementor-divider-separator\">\n\t\t\t\t\t\t<\/span>\n\t\t<\/div>\n\t\t\t\t\t\t<\/div>\n\t\t\t\t\t<\/div>\n\t\t<\/div>\n\t\t\t\t\t<\/div>\n\t\t<\/section>\n\t\t\t\t<section class=\"elementor-section elementor-top-section elementor-element elementor-element-a6ce783 elementor-section-boxed elementor-section-height-default elementor-section-height-default\" data-id=\"a6ce783\" data-element_type=\"section\" data-e-type=\"section\">\n\t\t\t\t\t\t<div class=\"elementor-container elementor-column-gap-default\">\n\t\t\t\t\t<div class=\"elementor-column elementor-col-100 elementor-top-column elementor-element elementor-element-8550062\" data-id=\"8550062\" data-element_type=\"column\" data-e-type=\"column\" data-settings=\"{&quot;background_background&quot;:&quot;classic&quot;}\">\n\t\t\t<div class=\"elementor-widget-wrap elementor-element-populated\">\n\t\t\t\t\t\t<div class=\"elementor-element elementor-element-6fe1d88 elementor-widget elementor-widget-text-editor\" data-id=\"6fe1d88\" data-element_type=\"widget\" data-e-type=\"widget\" data-widget_type=\"text-editor.default\">\n\t\t\t\t\t\t\t\t\tDie Konditorei Laurent Kieny neben dem Restaurant bietet Ihnen,<br>\num den Feierlichkeiten eine s\u00fc\u00dfe Note zu verleihen,<br>\neine gro\u00dfe Auswahl an s\u00fc\u00dfen und herzhaften Speisen.<br>\n<br>\nTel: <a href=\"tel:+33389540499\">03 89 54 04 99<\/a>\t\t\t\t\t\t\t\t<\/div>\n\t\t\t\t\t<\/div>\n\t\t<\/div>\n\t\t\t\t\t<\/div>\n\t\t<\/section>\n\t\t\t\t<\/div>\n\t\t","protected":false},"excerpt":{"rendered":"<p>Caterer Die Konditorei Laurent Kieny neben dem Restaurant bietet Ihnen, um den Feierlichkeiten eine s\u00fc\u00dfe Note zu verleihen, eine gro\u00dfe Auswahl an s\u00fc\u00dfen und herzhaften Speisen. Tel: 03 89 54 04 99<\/p>\n","protected":false},"author":1,"featured_media":0,"parent":0,"menu_order":0,"comment_status":"closed","ping_status":"closed","template":"elementor_header_footer","meta":{"_acf_changed":false,"footnotes":""},"class_list":["post-2508","page","type-page","status-publish","hentry"],"acf":[],"_links":{"self":[{"href":"https:\/\/restaurant-kieny.fr\/de\/wp-json\/wp\/v2\/pages\/2508","targetHints":{"allow":["GET"]}}],"collection":[{"href":"https:\/\/restaurant-kieny.fr\/de\/wp-json\/wp\/v2\/pages"}],"about":[{"href":"https:\/\/restaurant-kieny.fr\/de\/wp-json\/wp\/v2\/types\/page"}],"author":[{"embeddable":true,"href":"https:\/\/restaurant-kieny.fr\/de\/wp-json\/wp\/v2\/users\/1"}],"replies":[{"embeddable":true,"href":"https:\/\/restaurant-kieny.fr\/de\/wp-json\/wp\/v2\/comments?post=2508"}],"version-history":[{"count":9,"href":"https:\/\/restaurant-kieny.fr\/de\/wp-json\/wp\/v2\/pages\/2508\/revisions"}],"predecessor-version":[{"id":3404,"href":"https:\/\/restaurant-kieny.fr\/de\/wp-json\/wp\/v2\/pages\/2508\/revisions\/3404"}],"wp:attachment":[{"href":"https:\/\/restaurant-kieny.fr\/de\/wp-json\/wp\/v2\/media?parent=2508"}],"curies":[{"name":"wp","href":"https:\/\/api.w.org\/{rel}","templated":true}]}}