{"id":2434,"date":"2022-07-07T09:09:46","date_gmt":"2022-07-07T07:09:46","guid":{"rendered":"https:\/\/restaurant-kieny.fr\/startseite-neu\/"},"modified":"2026-04-01T10:52:43","modified_gmt":"2026-04-01T08:52:43","slug":"maison-kieny","status":"publish","type":"page","link":"https:\/\/restaurant-kieny.fr\/de\/","title":{"rendered":"Startseite neu"},"content":{"rendered":"\t\t<div data-elementor-type=\"wp-page\" data-elementor-id=\"2434\" class=\"elementor elementor-2434 elementor-2394\" data-elementor-post-type=\"page\">\n\t\t\t\t\t\t<section class=\"elementor-section elementor-top-section elementor-element elementor-element-c9a97de elementor-section-full_width elementor-section-height-min-height elementor-section-items-stretch elementor-section-height-default\" data-id=\"c9a97de\" data-element_type=\"section\" data-e-type=\"section\">\n\t\t\t\t\t\t<div class=\"elementor-container elementor-column-gap-default\">\n\t\t\t\t\t<div class=\"elementor-column elementor-col-100 elementor-top-column elementor-element elementor-element-606d38f\" data-id=\"606d38f\" data-element_type=\"column\" data-e-type=\"column\" data-settings=\"{&quot;background_background&quot;:&quot;classic&quot;,&quot;background_motion_fx_motion_fx_scrolling&quot;:&quot;yes&quot;,&quot;background_motion_fx_translateY_effect&quot;:&quot;yes&quot;,&quot;background_motion_fx_translateY_speed&quot;:{&quot;unit&quot;:&quot;px&quot;,&quot;size&quot;:4,&quot;sizes&quot;:[]},&quot;background_motion_fx_translateY_affectedRange&quot;:{&quot;unit&quot;:&quot;%&quot;,&quot;size&quot;:&quot;&quot;,&quot;sizes&quot;:{&quot;start&quot;:0,&quot;end&quot;:100}},&quot;background_motion_fx_devices&quot;:[&quot;desktop&quot;,&quot;tablet&quot;,&quot;mobile&quot;]}\">\n\t\t\t<div class=\"elementor-widget-wrap elementor-element-populated\">\n\t\t\t\t\t\t<div class=\"elementor-element elementor-element-b0dce58 elementor-widget elementor-widget-spacer\" data-id=\"b0dce58\" data-element_type=\"widget\" data-e-type=\"widget\" data-widget_type=\"spacer.default\">\n\t\t\t\t\t\t\t<div class=\"elementor-spacer\">\n\t\t\t<div class=\"elementor-spacer-inner\"><\/div>\n\t\t<\/div>\n\t\t\t\t\t\t<\/div>\n\t\t\t\t\t<\/div>\n\t\t<\/div>\n\t\t\t\t\t<\/div>\n\t\t<\/section>\n\t\t\t\t<section class=\"elementor-section elementor-top-section elementor-element elementor-element-3f2634b elementor-section-boxed elementor-section-height-default elementor-section-height-default\" data-id=\"3f2634b\" data-element_type=\"section\" data-e-type=\"section\">\n\t\t\t\t\t\t<div class=\"elementor-container elementor-column-gap-default\">\n\t\t\t\t\t<div class=\"elementor-column elementor-col-100 elementor-top-column elementor-element elementor-element-ec80d6a\" data-id=\"ec80d6a\" data-element_type=\"column\" data-e-type=\"column\">\n\t\t\t<div class=\"elementor-widget-wrap elementor-element-populated\">\n\t\t\t\t\t\t<div class=\"elementor-element elementor-element-725ecf4 elementor-widget elementor-widget-heading\" data-id=\"725ecf4\" data-element_type=\"widget\" data-e-type=\"widget\" data-widget_type=\"heading.default\">\n\t\t\t\t\t<h1 class=\"elementor-heading-title elementor-size-default\">Seit 1850 die Gastronomie im Elsass feiern<\/h1>\t\t\t\t<\/div>\n\t\t\t\t<div class=\"elementor-element elementor-element-2d3de17 elementor-widget elementor-widget-text-editor\" data-id=\"2d3de17\" data-element_type=\"widget\" data-e-type=\"widget\" data-widget_type=\"text-editor.default\">\n\t\t\t\t\t\t\t\t\t<p>Im Herzen von Riedisheim in der N\u00e4he von Mulhouse \u00f6ffnen Mariella Kieny und das Team des Restaurants La Maison Kieny die T\u00fcren ihres Hauses, eines gem\u00fctlichen, intimen und ged\u00e4mpften Ortes, der den Freuden des Essens gewidmet ist. Sie werden schnell Ihren Platz in unseren beiden Speises\u00e4len mit elegantem und gem\u00fctlichem Rahmen finden, f\u00fcr Ihre Gesch\u00e4ftsessen oder f\u00fcr die Geselligkeit eines Essens mit Freunden oder der Familie.<\/p>\n\t\t\t\t\t\t\t\t<\/div>\n\t\t\t\t\t<\/div>\n\t\t<\/div>\n\t\t\t\t\t<\/div>\n\t\t<\/section>\n\t\t\t\t<section class=\"elementor-section elementor-top-section elementor-element elementor-element-14f6333 elementor-section-height-min-height elementor-section-full_width elementor-section-items-stretch elementor-section-content-middle elementor-section-height-default\" data-id=\"14f6333\" data-element_type=\"section\" data-e-type=\"section\" data-settings=\"{&quot;background_motion_fx_devices&quot;:[&quot;desktop&quot;,&quot;tablet&quot;,&quot;mobile&quot;]}\">\n\t\t\t\t\t\t<div class=\"elementor-container elementor-column-gap-default\">\n\t\t\t\t\t<div class=\"elementor-column elementor-col-100 elementor-top-column elementor-element elementor-element-12b2445\" data-id=\"12b2445\" data-element_type=\"column\" data-e-type=\"column\" data-settings=\"{&quot;background_background&quot;:&quot;classic&quot;,&quot;background_motion_fx_motion_fx_scrolling&quot;:&quot;yes&quot;,&quot;background_motion_fx_translateY_effect&quot;:&quot;yes&quot;,&quot;background_motion_fx_translateY_speed&quot;:{&quot;unit&quot;:&quot;px&quot;,&quot;size&quot;:4,&quot;sizes&quot;:[]},&quot;background_motion_fx_translateY_affectedRange&quot;:{&quot;unit&quot;:&quot;%&quot;,&quot;size&quot;:&quot;&quot;,&quot;sizes&quot;:{&quot;start&quot;:0,&quot;end&quot;:100}},&quot;background_motion_fx_devices&quot;:[&quot;desktop&quot;,&quot;tablet&quot;,&quot;mobile&quot;]}\">\n\t\t\t<div class=\"elementor-widget-wrap elementor-element-populated\">\n\t\t\t\t\t\t<div class=\"elementor-element elementor-element-c41fd1f elementor-widget elementor-widget-spacer\" data-id=\"c41fd1f\" data-element_type=\"widget\" data-e-type=\"widget\" data-widget_type=\"spacer.default\">\n\t\t\t\t\t\t\t<div class=\"elementor-spacer\">\n\t\t\t<div class=\"elementor-spacer-inner\"><\/div>\n\t\t<\/div>\n\t\t\t\t\t\t<\/div>\n\t\t\t\t\t<\/div>\n\t\t<\/div>\n\t\t\t\t\t<\/div>\n\t\t<\/section>\n\t\t\t\t<section class=\"elementor-section elementor-top-section elementor-element elementor-element-124eb3f elementor-section-boxed elementor-section-height-default elementor-section-height-default\" data-id=\"124eb3f\" data-element_type=\"section\" data-e-type=\"section\">\n\t\t\t\t\t\t<div class=\"elementor-container elementor-column-gap-default\">\n\t\t\t\t\t<div class=\"elementor-column elementor-col-100 elementor-top-column elementor-element elementor-element-00d51d6\" data-id=\"00d51d6\" data-element_type=\"column\" data-e-type=\"column\">\n\t\t\t<div class=\"elementor-widget-wrap elementor-element-populated\">\n\t\t\t\t\t\t<div class=\"elementor-element elementor-element-5336295 elementor-widget elementor-widget-heading\" data-id=\"5336295\" data-element_type=\"widget\" data-e-type=\"widget\" data-widget_type=\"heading.default\">\n\t\t\t\t\t<h2 class=\"elementor-heading-title elementor-size-default\">Eine klare, pr\u00e4zise und produktfreundliche K\u00fcche von Chefkoch Nain Gamboa<\/h2>\t\t\t\t<\/div>\n\t\t\t\t<div class=\"elementor-element elementor-element-d0fb2ed elementor-widget elementor-widget-text-editor\" data-id=\"d0fb2ed\" data-element_type=\"widget\" data-e-type=\"widget\" data-widget_type=\"text-editor.default\">\n\t\t\t\t\t\t\t\t\t<p>Nain Gamboa, ein 1991 geborener K\u00fcchenchef mexikanischer Herkunft, betrachtet das Kochen als eine lebendige, instinktive und sich st\u00e4ndig weiterentwickelnde Sprache.<\/p>\n<p>Zun\u00e4chst absolvierte er einen Abschluss in internationalem Handel und entdeckte seine kulinarische Berufung, als er in der Gastronomie arbeitete.<\/p>\n<p>Er war entschlossen, seine Ausbildung in Frankreich bei Julien Allano zu absolvieren und seine Erfahrungen in verschiedenen Sterne- und Gourmet-H\u00e4usern zu erweitern.<\/p>\n<p>Er kam 2019 zum Maison Kieny im Elsass, kehrte 2022 als Sous-Chef zur\u00fcck und wurde 2023 K\u00fcchenchef. Er begleitet eine sanfte Transformation des Hauses, indem er els\u00e4ssische Tradition mit mexikanischen Einfl\u00fcssen verbindet und dabei lokale und saisonale Produkte aufwertet. <\/p>\n<p>Seine K\u00fcche ist klar, pr\u00e4zise und respektiert das Produkt, ohne es zu \u00fcberladen. Sie beruht auf Anpassung, Beobachtung, Weitergabe und einem starken Umweltbewusstsein (Kampf gegen Verschwendung, vollst\u00e4ndige Verwertung der Zutaten). <\/p>\n<p>Er steht f\u00fcr eine kooperative K\u00fcche, die seinem Team und seinen G\u00e4sten zuh\u00f6rt und sich auf das Gesamterlebnis des Gastes konzentriert.<\/p>\n<p>Als engagierter K\u00fcchenchef, der seinen Teams zuh\u00f6rt, verk\u00f6rpert er die zeitgen\u00f6ssische Energie des Hauses, die eines Ortes, an dem Exzellenz zug\u00e4nglich ist, wo Strenge mit Freiheit einhergeht und wo Genuss immer eine Sache der Weitergabe ist.<\/p>\n\t\t\t\t\t\t\t\t<\/div>\n\t\t\t\t\t<\/div>\n\t\t<\/div>\n\t\t\t\t\t<\/div>\n\t\t<\/section>\n\t\t\t\t<section class=\"elementor-section elementor-top-section elementor-element elementor-element-f44e094 elementor-section-full_width elementor-section-height-default elementor-section-height-default\" data-id=\"f44e094\" data-element_type=\"section\" data-e-type=\"section\">\n\t\t\t\t\t\t<div class=\"elementor-container elementor-column-gap-wide\">\n\t\t\t\t\t<div class=\"elementor-column elementor-col-50 elementor-top-column elementor-element elementor-element-ff0c8b5\" data-id=\"ff0c8b5\" data-element_type=\"column\" data-e-type=\"column\">\n\t\t\t<div class=\"elementor-widget-wrap elementor-element-populated\">\n\t\t\t\t\t\t<div class=\"elementor-element elementor-element-37f757c elementor-widget elementor-widget-image\" data-id=\"37f757c\" data-element_type=\"widget\" data-e-type=\"widget\" data-widget_type=\"image.default\">\n\t\t\t\t\t\t\t\t\t\t\t\t\t\t\t<img fetchpriority=\"high\" decoding=\"async\" width=\"1025\" height=\"1536\" src=\"https:\/\/restaurant-kieny.fr\/wp-content\/uploads\/2026\/04\/260327_Maison-Kieny5731Lucas-MULLER-1025x1536.jpg\" class=\"attachment-1536x1536 size-1536x1536 wp-image-4737\" alt=\"\" srcset=\"https:\/\/restaurant-kieny.fr\/wp-content\/uploads\/2026\/04\/260327_Maison-Kieny5731Lucas-MULLER-1025x1536.jpg 1025w, https:\/\/restaurant-kieny.fr\/wp-content\/uploads\/2026\/04\/260327_Maison-Kieny5731Lucas-MULLER-200x300.jpg 200w, https:\/\/restaurant-kieny.fr\/wp-content\/uploads\/2026\/04\/260327_Maison-Kieny5731Lucas-MULLER-683x1024.jpg 683w, https:\/\/restaurant-kieny.fr\/wp-content\/uploads\/2026\/04\/260327_Maison-Kieny5731Lucas-MULLER-768x1151.jpg 768w, https:\/\/restaurant-kieny.fr\/wp-content\/uploads\/2026\/04\/260327_Maison-Kieny5731Lucas-MULLER-1366x2048.jpg 1366w\" sizes=\"(max-width: 1025px) 100vw, 1025px\" \/>\t\t\t\t\t\t\t\t\t\t\t\t\t\t\t<\/div>\n\t\t\t\t\t<\/div>\n\t\t<\/div>\n\t\t\t\t<div class=\"elementor-column elementor-col-50 elementor-top-column elementor-element elementor-element-0bf1760\" data-id=\"0bf1760\" data-element_type=\"column\" data-e-type=\"column\">\n\t\t\t<div class=\"elementor-widget-wrap elementor-element-populated\">\n\t\t\t\t\t\t<div class=\"elementor-element elementor-element-a5fc57a elementor-widget elementor-widget-image\" data-id=\"a5fc57a\" data-element_type=\"widget\" data-e-type=\"widget\" data-widget_type=\"image.default\">\n\t\t\t\t\t\t\t\t\t\t\t\t\t\t\t<img decoding=\"async\" width=\"1\" height=\"1\" src=\"https:\/\/restaurant-kieny.fr\/wp-content\/uploads\/2022\/09\/9J1A7690-1.jpg\" class=\"attachment-1536x1536 size-1536x1536 wp-image-2765\" alt=\"\" \/>\t\t\t\t\t\t\t\t\t\t\t\t\t\t\t<\/div>\n\t\t\t\t\t<\/div>\n\t\t<\/div>\n\t\t\t\t\t<\/div>\n\t\t<\/section>\n\t\t\t\t<section class=\"elementor-section elementor-top-section elementor-element elementor-element-6f045ba elementor-section-boxed elementor-section-height-default elementor-section-height-default\" data-id=\"6f045ba\" data-element_type=\"section\" data-e-type=\"section\">\n\t\t\t\t\t\t<div class=\"elementor-container elementor-column-gap-default\">\n\t\t\t\t\t<div class=\"elementor-column elementor-col-100 elementor-top-column elementor-element elementor-element-b809837\" data-id=\"b809837\" data-element_type=\"column\" data-e-type=\"column\">\n\t\t\t<div class=\"elementor-widget-wrap elementor-element-populated\">\n\t\t\t\t\t\t<div class=\"elementor-element elementor-element-6dcebb7 elementor-widget elementor-widget-heading\" data-id=\"6dcebb7\" data-element_type=\"widget\" data-e-type=\"widget\" data-widget_type=\"heading.default\">\n\t\t\t\t\t<h1 class=\"elementor-heading-title elementor-size-default\">Auszeichnungen<\/h1>\t\t\t\t<\/div>\n\t\t\t\t<div class=\"elementor-element elementor-element-1c5a779 elementor-widget elementor-widget-text-editor\" data-id=\"1c5a779\" data-element_type=\"widget\" data-e-type=\"widget\" data-widget_type=\"text-editor.default\">\n\t\t\t\t\t\t\t\t\t<p>Das Haus Kieny engagiert sich bei Partnern im Elsass oder in Frankreich, um das Streben nach Exzellenz in der franz\u00f6sischen Gastronomie zu verteidigen.<\/p>\n\t\t\t\t\t\t\t\t<\/div>\n\t\t\t\t\t<\/div>\n\t\t<\/div>\n\t\t\t\t\t<\/div>\n\t\t<\/section>\n\t\t\t\t<section class=\"elementor-section elementor-top-section elementor-element elementor-element-68cedb2 elementor-section-full_width elementor-section-height-default elementor-section-height-default\" data-id=\"68cedb2\" data-element_type=\"section\" data-e-type=\"section\">\n\t\t\t\t\t\t<div class=\"elementor-container elementor-column-gap-default\">\n\t\t\t\t\t<div class=\"elementor-column elementor-col-100 elementor-top-column elementor-element elementor-element-4ce3659\" data-id=\"4ce3659\" data-element_type=\"column\" data-e-type=\"column\">\n\t\t\t<div class=\"elementor-widget-wrap elementor-element-populated\">\n\t\t\t\t\t\t<div class=\"elementor-element elementor-element-a9cce21 elementor-widget__width-auto elementor-widget elementor-widget-image\" data-id=\"a9cce21\" data-element_type=\"widget\" data-e-type=\"widget\" data-widget_type=\"image.default\">\n\t\t\t\t\t\t\t\t\t\t\t\t\t\t\t<img decoding=\"async\" width=\"286\" height=\"126\" src=\"https:\/\/restaurant-kieny.fr\/wp-content\/uploads\/2023\/05\/accueil-nouveau-3.png\" class=\"attachment-large size-large wp-image-3210\" alt=\"\" \/>\t\t\t\t\t\t\t\t\t\t\t\t\t\t\t<\/div>\n\t\t\t\t<div class=\"elementor-element elementor-element-8ca095b elementor-widget__width-auto elementor-widget elementor-widget-image\" data-id=\"8ca095b\" data-element_type=\"widget\" data-e-type=\"widget\" data-widget_type=\"image.default\">\n\t\t\t\t\t\t\t\t\t\t\t\t\t\t\t<img loading=\"lazy\" decoding=\"async\" width=\"119\" height=\"103\" src=\"https:\/\/restaurant-kieny.fr\/wp-content\/uploads\/2017\/11\/logo_distinction_maitres_cuisiniers_2.png\" class=\"attachment-large size-large wp-image-1520\" alt=\"\" \/>\t\t\t\t\t\t\t\t\t\t\t\t\t\t\t<\/div>\n\t\t\t\t<div class=\"elementor-element elementor-element-9b235dd elementor-widget__width-auto elementor-widget elementor-widget-image\" data-id=\"9b235dd\" data-element_type=\"widget\" data-e-type=\"widget\" data-widget_type=\"image.default\">\n\t\t\t\t\t\t\t\t\t\t\t\t\t\t\t<img loading=\"lazy\" decoding=\"async\" width=\"300\" height=\"47\" src=\"https:\/\/restaurant-kieny.fr\/wp-content\/uploads\/2023\/05\/accueil-nouveau-1.png\" class=\"attachment-large size-large wp-image-3225\" alt=\"\" \/>\t\t\t\t\t\t\t\t\t\t\t\t\t\t\t<\/div>\n\t\t\t\t<div class=\"elementor-element elementor-element-b39852b elementor-widget__width-auto elementor-widget elementor-widget-image\" data-id=\"b39852b\" data-element_type=\"widget\" data-e-type=\"widget\" data-widget_type=\"image.default\">\n\t\t\t\t\t\t\t\t\t\t\t\t\t\t\t<img loading=\"lazy\" decoding=\"async\" width=\"104\" height=\"103\" src=\"https:\/\/restaurant-kieny.fr\/wp-content\/uploads\/2017\/11\/logo_distinction_prosper_montagne_2.png\" class=\"attachment-large size-large wp-image-1522\" alt=\"\" \/>\t\t\t\t\t\t\t\t\t\t\t\t\t\t\t<\/div>\n\t\t\t\t<div class=\"elementor-element elementor-element-44326cb elementor-widget__width-auto elementor-widget elementor-widget-image\" data-id=\"44326cb\" data-element_type=\"widget\" data-e-type=\"widget\" data-widget_type=\"image.default\">\n\t\t\t\t\t\t\t\t\t\t\t\t\t\t\t<img loading=\"lazy\" decoding=\"async\" width=\"188\" height=\"103\" src=\"https:\/\/restaurant-kieny.fr\/wp-content\/uploads\/2017\/11\/logo_distinction_etoiles_alsace_2.png\" class=\"attachment-large size-large wp-image-1519\" alt=\"\" \/>\t\t\t\t\t\t\t\t\t\t\t\t\t\t\t<\/div>\n\t\t\t\t<div class=\"elementor-element elementor-element-52625e5 elementor-widget__width-auto elementor-widget elementor-widget-image\" data-id=\"52625e5\" data-element_type=\"widget\" data-e-type=\"widget\" data-widget_type=\"image.default\">\n\t\t\t\t\t\t\t\t\t\t\t\t\t\t\t<img loading=\"lazy\" decoding=\"async\" width=\"184\" height=\"103\" src=\"https:\/\/restaurant-kieny.fr\/wp-content\/uploads\/2017\/11\/logo_distinction_chefs_alsace_2.png\" class=\"attachment-large size-large wp-image-1518\" alt=\"\" \/>\t\t\t\t\t\t\t\t\t\t\t\t\t\t\t<\/div>\n\t\t\t\t\t<\/div>\n\t\t<\/div>\n\t\t\t\t\t<\/div>\n\t\t<\/section>\n\t\t\t\t<section class=\"elementor-section elementor-top-section elementor-element elementor-element-64dedf4 elementor-section-height-min-height elementor-section-full_width elementor-section-items-stretch elementor-section-height-default\" data-id=\"64dedf4\" data-element_type=\"section\" data-e-type=\"section\">\n\t\t\t\t\t\t<div class=\"elementor-container elementor-column-gap-default\">\n\t\t\t\t\t<div class=\"elementor-column elementor-col-100 elementor-top-column elementor-element elementor-element-c0ba693\" data-id=\"c0ba693\" data-element_type=\"column\" data-e-type=\"column\" data-settings=\"{&quot;background_background&quot;:&quot;classic&quot;}\">\n\t\t\t<div class=\"elementor-widget-wrap elementor-element-populated\">\n\t\t\t\t\t\t<div class=\"elementor-element elementor-element-de41c44 elementor-widget elementor-widget-heading\" data-id=\"de41c44\" data-element_type=\"widget\" data-e-type=\"widget\" data-widget_type=\"heading.default\">\n\t\t\t\t\t<h2 class=\"elementor-heading-title elementor-size-default\">\"Um die Zukunft der K\u00fcche zu gestalten, muss man das Beste aus der Vergangenheit nehmen k\u00f6nnen ... die Tradition sichern, indem man sie an unsere Zeit anpasst, damit die Freude am guten Essen erhalten bleibt.\"<\/h2>\t\t\t\t<\/div>\n\t\t\t\t\t<\/div>\n\t\t<\/div>\n\t\t\t\t\t<\/div>\n\t\t<\/section>\n\t\t\t\t<section class=\"elementor-section elementor-top-section elementor-element elementor-element-fdafa37 elementor-section-boxed elementor-section-height-default elementor-section-height-default\" data-id=\"fdafa37\" data-element_type=\"section\" data-e-type=\"section\">\n\t\t\t\t\t\t<div class=\"elementor-container elementor-column-gap-default\">\n\t\t\t\t\t<div class=\"elementor-column elementor-col-100 elementor-top-column elementor-element elementor-element-eee6091\" data-id=\"eee6091\" data-element_type=\"column\" data-e-type=\"column\">\n\t\t\t<div class=\"elementor-widget-wrap elementor-element-populated\">\n\t\t\t\t\t\t<div class=\"elementor-element elementor-element-8f3f5db elementor-widget elementor-widget-html\" data-id=\"8f3f5db\" data-element_type=\"widget\" data-e-type=\"widget\" data-widget_type=\"html.default\">\n\t\t\t\t\t<iframe src=\"https:\/\/widget-reviews.zenchef.com\/350229?lang=fr\" width=\"100%\" height=\"600\" style=\"width: 100%; display: block; margin: 0 auto; height:600px; max-width:800px; background-color:#ffffff;\" frameborder=\"0\" vspace=\"0\" hspace=\"0\" webkitallowfullscreen=\"\" mozallowfullscreen=\"\" allowfullscreen=\"\" scrolling=\"no\"><\/iframe>\t\t\t\t<\/div>\n\t\t\t\t\t<\/div>\n\t\t<\/div>\n\t\t\t\t\t<\/div>\n\t\t<\/section>\n\t\t\t\t<\/div>\n\t\t","protected":false},"excerpt":{"rendered":"<p>Seit 1850 die Gastronomie im Elsass feiern Im Herzen von Riedisheim in der N\u00e4he von Mulhouse \u00f6ffnen Mariella Kieny und das Team des Restaurants La Maison Kieny die T\u00fcren ihres Hauses, eines gem\u00fctlichen, intimen und ged\u00e4mpften Ortes, der den Freuden des Essens gewidmet ist. Sie werden schnell Ihren Platz in unseren beiden Speises\u00e4len mit elegantem [&hellip;]<\/p>\n","protected":false},"author":1,"featured_media":0,"parent":0,"menu_order":0,"comment_status":"closed","ping_status":"closed","template":"","meta":{"_acf_changed":false,"footnotes":""},"class_list":["post-2434","page","type-page","status-publish","hentry"],"acf":[],"_links":{"self":[{"href":"https:\/\/restaurant-kieny.fr\/de\/wp-json\/wp\/v2\/pages\/2434","targetHints":{"allow":["GET"]}}],"collection":[{"href":"https:\/\/restaurant-kieny.fr\/de\/wp-json\/wp\/v2\/pages"}],"about":[{"href":"https:\/\/restaurant-kieny.fr\/de\/wp-json\/wp\/v2\/types\/page"}],"author":[{"embeddable":true,"href":"https:\/\/restaurant-kieny.fr\/de\/wp-json\/wp\/v2\/users\/1"}],"replies":[{"embeddable":true,"href":"https:\/\/restaurant-kieny.fr\/de\/wp-json\/wp\/v2\/comments?post=2434"}],"version-history":[{"count":26,"href":"https:\/\/restaurant-kieny.fr\/de\/wp-json\/wp\/v2\/pages\/2434\/revisions"}],"predecessor-version":[{"id":4752,"href":"https:\/\/restaurant-kieny.fr\/de\/wp-json\/wp\/v2\/pages\/2434\/revisions\/4752"}],"wp:attachment":[{"href":"https:\/\/restaurant-kieny.fr\/de\/wp-json\/wp\/v2\/media?parent=2434"}],"curies":[{"name":"wp","href":"https:\/\/api.w.org\/{rel}","templated":true}]}}